{"id":4074,"date":"2022-11-02T20:05:14","date_gmt":"2022-11-02T20:05:14","guid":{"rendered":"http:\/\/graduaciones.imaginedype.com\/?page_id=4074"},"modified":"2022-11-07T21:57:03","modified_gmt":"2022-11-07T21:57:03","slug":"contacto","status":"publish","type":"page","link":"https:\/\/graduaciones.imaginedype.com\/?page_id=4074","title":{"rendered":"CONTACTO"},"content":{"rendered":"<div class=\"fusion-fullwidth fullwidth-box fusion-builder-row-1 fusion-flex-container has-pattern-background has-mask-background nonhundred-percent-fullwidth non-hundred-percent-height-scrolling\" style=\"background-color: var(--awb-color7);background-position: center center;background-repeat: no-repeat;border-width: 0px 0px 0px 0px;border-color:var(--awb-color7);border-style:solid;\" ><div class=\"fusion-builder-row fusion-row fusion-flex-align-items-flex-start\" style=\"max-width:104%;margin-left: calc(-4% \/ 2 );margin-right: calc(-4% \/ 2 );\"><div class=\"fusion-layout-column fusion_builder_column fusion-builder-column-0 fusion_builder_column_1_1 1_1 fusion-flex-column\"><div class=\"fusion-column-wrapper fusion-flex-justify-content-flex-start fusion-content-layout-column\" style=\"background-position:left top;background-repeat:no-repeat;-webkit-background-size:cover;-moz-background-size:cover;-o-background-size:cover;background-size:cover;padding: 0px 0px 0px 0px;\"><div class=\"fusion-text fusion-text-1\"><h2 class=\"center-align titulo-contact\" style=\"text-align: center;\">\u00a1 Cont\u00e1ctanos !<\/h2>\n<\/div><div class=\"fusion-text fusion-text-2\"><h3 style=\"text-align: center;\">Somos la \u00fanica Agencia de eventos que tiene oficinas base en uno de los recintos m\u00e1s demandados para organizar este tipo de eventos, Ex Convento San Hip\u00f3lito.<\/h3>\n<h3 style=\"text-align: center;\">Tu evento es lo m\u00e1s importante para nosotros. Puedes enviarnos un correo a contacto@imaginedype.com o llenar el siguiente formulario.<\/h3>\n<h3 style=\"text-align: center;\">Nos pondremos en contacto contigo lo antes posible.<\/h3>\n<\/div><\/div><style type=\"text\/css\">.fusion-body .fusion-builder-column-0{width:100% !important;margin-top : 0px;margin-bottom : 20px;}.fusion-builder-column-0 > .fusion-column-wrapper {padding-top : 0px !important;padding-right : 0px !important;margin-right : 1.92%;padding-bottom : 0px !important;padding-left : 0px !important;margin-left : 1.92%;}@media only screen and (max-width:1024px) {.fusion-body .fusion-builder-column-0{width:100% !important;order : 0;}.fusion-builder-column-0 > .fusion-column-wrapper {margin-right : 1.92%;margin-left : 1.92%;}}@media only screen and (max-width:640px) {.fusion-body .fusion-builder-column-0{width:100% !important;order : 0;}.fusion-builder-column-0 > .fusion-column-wrapper {margin-right : 1.92%;margin-left : 1.92%;}}<\/style><\/div><\/div><style type=\"text\/css\">.fusion-body .fusion-flex-container.fusion-builder-row-1{ padding-top : 0px;margin-top : 0px;padding-right : 30px;padding-bottom : 32px;margin-bottom : 0px;padding-left : 30px;}<\/style><\/div>\n","protected":false},"excerpt":{"rendered":"","protected":false},"author":1,"featured_media":0,"parent":0,"menu_order":0,"comment_status":"closed","ping_status":"closed","template":"100-width.php","meta":{"footnotes":""},"class_list":["post-4074","page","type-page","status-publish","hentry"],"_links":{"self":[{"href":"https:\/\/graduaciones.imaginedype.com\/index.php?rest_route=\/wp\/v2\/pages\/4074","targetHints":{"allow":["GET"]}}],"collection":[{"href":"https:\/\/graduaciones.imaginedype.com\/index.php?rest_route=\/wp\/v2\/pages"}],"about":[{"href":"https:\/\/graduaciones.imaginedype.com\/index.php?rest_route=\/wp\/v2\/types\/page"}],"author":[{"embeddable":true,"href":"https:\/\/graduaciones.imaginedype.com\/index.php?rest_route=\/wp\/v2\/users\/1"}],"replies":[{"embeddable":true,"href":"https:\/\/graduaciones.imaginedype.com\/index.php?rest_route=%2Fwp%2Fv2%2Fcomments&post=4074"}],"version-history":[{"count":11,"href":"https:\/\/graduaciones.imaginedype.com\/index.php?rest_route=\/wp\/v2\/pages\/4074\/revisions"}],"predecessor-version":[{"id":4204,"href":"https:\/\/graduaciones.imaginedype.com\/index.php?rest_route=\/wp\/v2\/pages\/4074\/revisions\/4204"}],"wp:attachment":[{"href":"https:\/\/graduaciones.imaginedype.com\/index.php?rest_route=%2Fwp%2Fv2%2Fmedia&parent=4074"}],"curies":[{"name":"wp","href":"https:\/\/api.w.org\/{rel}","templated":true}]}}